{"id":13869,"date":"2026-02-06T14:02:55","date_gmt":"2026-02-06T14:02:55","guid":{"rendered":"https:\/\/test.marcelan.com\/?post_type=product&#038;p=13869"},"modified":"2026-02-06T14:03:23","modified_gmt":"2026-02-06T14:03:23","slug":"torutombepea-63mm","status":"publish","type":"product","link":"https:\/\/test.marcelan.com\/fi\/toode\/torutombepea-63mm\/","title":{"rendered":"Torut\u00f5mbepea 63mm"},"content":{"rendered":"<ul>\n<li data-start=\"80\" data-end=\"206\"><strong data-start=\"80\" data-end=\"133\">T\u00e4pselt t\u00f6\u00f6deldud ja karastatud sulamist t\u00f5mbepea<\/strong>, mis talub HDD-t\u00f6\u00f6de suuri koormusi ja karmides tingimustes kasutamist<\/li>\n<li data-start=\"80\" data-end=\"206\"><strong data-start=\"209\" data-end=\"241\">Tugev ja vastupidav t\u00f5mbepea<\/strong>, mida on kiire ja lihtne paigaldada ning eemaldada<\/li>\n<li data-start=\"80\" data-end=\"206\"><strong data-start=\"297\" data-end=\"332\">K\u00f5rgtugev sepistatud silmuspolt<\/strong><\/li>\n<li data-start=\"80\" data-end=\"206\"><strong data-start=\"337\" data-end=\"369\">V\u00f5imalik k\u00e4sitsi lahti v\u00f5tta<\/strong>, mis teeb hoolduse objektil lihtsaks ja kiireks<\/li>\n<li data-start=\"80\" data-end=\"206\"><strong data-start=\"422\" data-end=\"450\">Tihendus toru sisepinnal<\/strong> muudab t\u00f5mbepea veekindlaks<\/li>\n<li data-start=\"80\" data-end=\"206\"><strong data-start=\"483\" data-end=\"516\">Toru sisel\u00e4bim\u00f5\u00f5du t\u00f6\u00f6ulatus:<\/strong> ligikaudu <strong data-start=\"527\" data-end=\"540\">30\u2013224 mm<\/strong><\/li>\n<li data-start=\"80\" data-end=\"206\"><strong data-start=\"545\" data-end=\"602\">Sobib enamikele torudele standardites SDR9 kuni SDR21<\/strong><\/li>\n<\/ul>\n","protected":false},"excerpt":{"rendered":"<p>T\u00e4pselt t\u00f6\u00f6deldud ja karastatud sulamist t\u00f5mbepea, mis talub HDD-t\u00f6\u00f6de suuri koormusi ja karmides tingimustes kasutamist Tugev ja vastupidav t\u00f5mbepea, mida on kiire ja lihtne paigaldada ning eemaldada K\u00f5rgtugev sepistatud silmuspolt V\u00f5imalik k\u00e4sitsi lahti v\u00f5tta, mis teeb hoolduse objektil lihtsaks ja kiireks Tihendus toru sisepinnal muudab t\u00f5mbepea veekindlaks Toru sisel\u00e4bim\u00f5\u00f5du t\u00f6\u00f6ulatus: ligikaudu 30\u2013224 mm Sobib enamikele [&hellip;]<\/p>\n","protected":false},"featured_media":13941,"comment_status":"open","ping_status":"closed","template":"","meta":{"_acf_changed":false},"product_brand":[],"product_cat":[215,216],"product_tag":[],"class_list":{"0":"post-13869","1":"product","2":"type-product","3":"status-publish","4":"has-post-thumbnail","6":"product_cat-melfred-borzall","7":"product_cat-torutombepead","9":"first","10":"instock","11":"shipping-taxable","12":"purchasable","13":"product-type-simple"},"acf":[],"_links":{"self":[{"href":"https:\/\/test.marcelan.com\/fi\/wp-json\/wp\/v2\/product\/13869","targetHints":{"allow":["GET"]}}],"collection":[{"href":"https:\/\/test.marcelan.com\/fi\/wp-json\/wp\/v2\/product"}],"about":[{"href":"https:\/\/test.marcelan.com\/fi\/wp-json\/wp\/v2\/types\/product"}],"replies":[{"embeddable":true,"href":"https:\/\/test.marcelan.com\/fi\/wp-json\/wp\/v2\/comments?post=13869"}],"wp:featuredmedia":[{"embeddable":true,"href":"https:\/\/test.marcelan.com\/fi\/wp-json\/wp\/v2\/media\/13941"}],"wp:attachment":[{"href":"https:\/\/test.marcelan.com\/fi\/wp-json\/wp\/v2\/media?parent=13869"}],"wp:term":[{"taxonomy":"product_brand","embeddable":true,"href":"https:\/\/test.marcelan.com\/fi\/wp-json\/wp\/v2\/product_brand?post=13869"},{"taxonomy":"product_cat","embeddable":true,"href":"https:\/\/test.marcelan.com\/fi\/wp-json\/wp\/v2\/product_cat?post=13869"},{"taxonomy":"product_tag","embeddable":true,"href":"https:\/\/test.marcelan.com\/fi\/wp-json\/wp\/v2\/product_tag?post=13869"}],"curies":[{"name":"wp","href":"https:\/\/api.w.org\/{rel}","templated":true}]}}