{"id":12577,"date":"2026-02-06T13:53:38","date_gmt":"2026-02-06T13:53:38","guid":{"rendered":"https:\/\/test.marcelan.com\/?post_type=product&#038;p=12577"},"modified":"2026-02-06T13:53:50","modified_gmt":"2026-02-06T13:53:50","slug":"kramer-5085","status":"publish","type":"product","link":"https:\/\/test.marcelan.com\/fi\/toode\/kramer-5085\/","title":{"rendered":"Kramer 5085"},"content":{"rendered":"<p>Heas korras Kramer 5085 hooldatud ametlikus esinduses ja ajalugu teada.<br \/>\nAasta: 2018<br \/>\nT\u00f6\u00f6tunde: 4707<br \/>\nKaal: 6500 kg<br \/>\nMootori tootja: Kohler<br \/>\nMootor: 4-silindriline diisel<br \/>\nMootori v\u00f5imsus: 55,4 kW<br \/>\nK\u00fctuse t\u00fc\u00fcp: diisel<br \/>\nMaksimaalne kiirus: 20 km\/h<br \/>\nM\u00f5\u00f5dud (P x L x K): 5270 x 1740 x 2480 mm<br \/>\nKomplektis: Alusekahvlid. V\u00f5imalik osta ka kopp lisatasu eest.<br \/>\nRendifirma vahetab v\u00e4lja masinaid. Masin asub Leedus. Hinnale lisandub k\u00e4ibemaks<br \/>\n\u201cWacker Neuson KRAMER 5085\u201d on hooldatud ja teenindatud ametlikus \u201cWacker Neusoni\u201d teeninduses, seega on meil t\u00e4ielik remondit\u00f6\u00f6de ajalugu.<\/p>\n","protected":false},"excerpt":{"rendered":"<p>Heas korras Kramer 5085 hooldatud ametlikus esinduses ja ajalugu teada.<\/p>\n","protected":false},"featured_media":12649,"comment_status":"open","ping_status":"closed","template":"","meta":{"_acf_changed":false},"product_brand":[],"product_cat":[163],"product_tag":[164,201],"class_list":{"0":"post-12577","1":"product","2":"type-product","3":"status-publish","4":"has-post-thumbnail","6":"product_cat-kasutatud-tehnika","7":"product_tag-kasutatud","8":"product_tag-laadurid","10":"first","11":"instock","12":"shipping-taxable","13":"purchasable","14":"product-type-simple"},"acf":[],"_links":{"self":[{"href":"https:\/\/test.marcelan.com\/fi\/wp-json\/wp\/v2\/product\/12577","targetHints":{"allow":["GET"]}}],"collection":[{"href":"https:\/\/test.marcelan.com\/fi\/wp-json\/wp\/v2\/product"}],"about":[{"href":"https:\/\/test.marcelan.com\/fi\/wp-json\/wp\/v2\/types\/product"}],"replies":[{"embeddable":true,"href":"https:\/\/test.marcelan.com\/fi\/wp-json\/wp\/v2\/comments?post=12577"}],"wp:featuredmedia":[{"embeddable":true,"href":"https:\/\/test.marcelan.com\/fi\/wp-json\/wp\/v2\/media\/12649"}],"wp:attachment":[{"href":"https:\/\/test.marcelan.com\/fi\/wp-json\/wp\/v2\/media?parent=12577"}],"wp:term":[{"taxonomy":"product_brand","embeddable":true,"href":"https:\/\/test.marcelan.com\/fi\/wp-json\/wp\/v2\/product_brand?post=12577"},{"taxonomy":"product_cat","embeddable":true,"href":"https:\/\/test.marcelan.com\/fi\/wp-json\/wp\/v2\/product_cat?post=12577"},{"taxonomy":"product_tag","embeddable":true,"href":"https:\/\/test.marcelan.com\/fi\/wp-json\/wp\/v2\/product_tag?post=12577"}],"curies":[{"name":"wp","href":"https:\/\/api.w.org\/{rel}","templated":true}]}}