{"id":13876,"date":"2026-02-06T14:02:55","date_gmt":"2026-02-06T14:02:55","guid":{"rendered":"https:\/\/test.marcelan.com\/?post_type=product&#038;p=13876"},"modified":"2026-02-06T14:03:28","modified_gmt":"2026-02-06T14:03:28","slug":"sisetorutombepea-13mm","status":"publish","type":"product","link":"https:\/\/test.marcelan.com\/en\/toode\/sisetorutombepea-13mm\/","title":{"rendered":"Sisetorut\u00f5mbepea 13mm"},"content":{"rendered":"<ul>\n<li><strong>V\u00e4ga tugev haardev\u00f5ime<\/strong> ilma liikuvate osadeta<\/li>\n<li>Soodne lahendus <strong>v\u00e4ikese l\u00e4bim\u00f5\u00f5duga torude ja sisetorude t\u00f5mbamiseks<\/strong><\/li>\n<li><strong>Valmistatud terasest ja kroomitud<\/strong>, et v\u00e4hendada kulumist<\/li>\n<li>Sobib <strong>toru sisel\u00e4bim\u00f5\u00f5dule 18.3mm &#8211; 52.8mm<\/strong><\/li>\n<li><strong>Kahekordsed l\u00f5ikeservad<\/strong>, mis l\u00f5ikavad keermelaadse haarde otse toru sisse<\/li>\n<li><strong>Kiire ja lihtne paigaldus<\/strong><\/li>\n<\/ul>\n","protected":false},"excerpt":{"rendered":"<p>V\u00e4ga tugev haardev\u00f5ime ilma liikuvate osadeta Soodne lahendus v\u00e4ikese l\u00e4bim\u00f5\u00f5duga torude ja sisetorude t\u00f5mbamiseks Valmistatud terasest ja kroomitud, et v\u00e4hendada kulumist Sobib toru sisel\u00e4bim\u00f5\u00f5dule 18.3mm &#8211; 52.8mm Kahekordsed l\u00f5ikeservad, mis l\u00f5ikavad keermelaadse haarde otse toru sisse Kiire ja lihtne paigaldus<\/p>\n","protected":false},"featured_media":13969,"comment_status":"open","ping_status":"closed","template":"","meta":{"_acf_changed":false},"product_brand":[],"product_cat":[215,216],"product_tag":[],"class_list":{"0":"post-13876","1":"product","2":"type-product","3":"status-publish","4":"has-post-thumbnail","6":"product_cat-melfred-borzall","7":"product_cat-torutombepead","9":"first","10":"instock","11":"shipping-taxable","12":"purchasable","13":"product-type-simple"},"acf":[],"_links":{"self":[{"href":"https:\/\/test.marcelan.com\/en\/wp-json\/wp\/v2\/product\/13876","targetHints":{"allow":["GET"]}}],"collection":[{"href":"https:\/\/test.marcelan.com\/en\/wp-json\/wp\/v2\/product"}],"about":[{"href":"https:\/\/test.marcelan.com\/en\/wp-json\/wp\/v2\/types\/product"}],"replies":[{"embeddable":true,"href":"https:\/\/test.marcelan.com\/en\/wp-json\/wp\/v2\/comments?post=13876"}],"wp:featuredmedia":[{"embeddable":true,"href":"https:\/\/test.marcelan.com\/en\/wp-json\/wp\/v2\/media\/13969"}],"wp:attachment":[{"href":"https:\/\/test.marcelan.com\/en\/wp-json\/wp\/v2\/media?parent=13876"}],"wp:term":[{"taxonomy":"product_brand","embeddable":true,"href":"https:\/\/test.marcelan.com\/en\/wp-json\/wp\/v2\/product_brand?post=13876"},{"taxonomy":"product_cat","embeddable":true,"href":"https:\/\/test.marcelan.com\/en\/wp-json\/wp\/v2\/product_cat?post=13876"},{"taxonomy":"product_tag","embeddable":true,"href":"https:\/\/test.marcelan.com\/en\/wp-json\/wp\/v2\/product_tag?post=13876"}],"curies":[{"name":"wp","href":"https:\/\/api.w.org\/{rel}","templated":true}]}}