{"id":13874,"date":"2026-02-06T14:02:55","date_gmt":"2026-02-06T14:02:55","guid":{"rendered":"https:\/\/test.marcelan.com\/?post_type=product&#038;p=13874"},"modified":"2026-02-06T14:03:27","modified_gmt":"2026-02-06T14:03:27","slug":"vermeer-d9x13-adapter","status":"publish","type":"product","link":"https:\/\/test.marcelan.com\/en\/toode\/vermeer-d9x13-adapter\/","title":{"rendered":"Vermeer D9x13 adapter"},"content":{"rendered":"<p>Melfred Borzall pakub laia valikut HDD puurimisadaptereid, mis tagavad sujuva \u00fchenduse saatjakorpuse, laiendaja ja puurmasina vahel. Sadu erinevaid konfiguratsioone on kohe laos ning v\u00f5imaldavad sama p\u00e4eva v\u00e4ljasaatmist, et saaksid oma puurimise v\u00f5imalikult kiiresti j\u00e4tkata.<\/p>\n","protected":false},"excerpt":{"rendered":"<p>Melfred Borzall pakub laia valikut HDD puurimisadaptereid, mis tagavad sujuva \u00fchenduse saatjakorpuse, laiendaja ja puurmasina vahel. Sadu erinevaid konfiguratsioone on kohe laos ning v\u00f5imaldavad sama p\u00e4eva v\u00e4ljasaatmist, et saaksid oma puurimise v\u00f5imalikult kiiresti j\u00e4tkata.<\/p>\n","protected":false},"featured_media":13961,"comment_status":"open","ping_status":"closed","template":"","meta":{"_acf_changed":false},"product_brand":[],"product_cat":[217,215],"product_tag":[],"class_list":{"0":"post-13874","1":"product","2":"type-product","3":"status-publish","4":"has-post-thumbnail","6":"product_cat-adapterid","7":"product_cat-melfred-borzall","9":"first","10":"outofstock","11":"shipping-taxable","12":"product-type-variable"},"acf":[],"_links":{"self":[{"href":"https:\/\/test.marcelan.com\/en\/wp-json\/wp\/v2\/product\/13874","targetHints":{"allow":["GET"]}}],"collection":[{"href":"https:\/\/test.marcelan.com\/en\/wp-json\/wp\/v2\/product"}],"about":[{"href":"https:\/\/test.marcelan.com\/en\/wp-json\/wp\/v2\/types\/product"}],"replies":[{"embeddable":true,"href":"https:\/\/test.marcelan.com\/en\/wp-json\/wp\/v2\/comments?post=13874"}],"wp:featuredmedia":[{"embeddable":true,"href":"https:\/\/test.marcelan.com\/en\/wp-json\/wp\/v2\/media\/13961"}],"wp:attachment":[{"href":"https:\/\/test.marcelan.com\/en\/wp-json\/wp\/v2\/media?parent=13874"}],"wp:term":[{"taxonomy":"product_brand","embeddable":true,"href":"https:\/\/test.marcelan.com\/en\/wp-json\/wp\/v2\/product_brand?post=13874"},{"taxonomy":"product_cat","embeddable":true,"href":"https:\/\/test.marcelan.com\/en\/wp-json\/wp\/v2\/product_cat?post=13874"},{"taxonomy":"product_tag","embeddable":true,"href":"https:\/\/test.marcelan.com\/en\/wp-json\/wp\/v2\/product_tag?post=13874"}],"curies":[{"name":"wp","href":"https:\/\/api.w.org\/{rel}","templated":true}]}}